{"id":2090,"date":"2025-09-03T10:17:12","date_gmt":"2025-09-03T16:17:12","guid":{"rendered":"https:\/\/plbeautyacademy.com\/?page_id=2090"},"modified":"2026-01-30T13:19:20","modified_gmt":"2026-01-30T19:19:20","slug":"construccion","status":"publish","type":"page","link":"https:\/\/plbeautyacademy.com\/en\/","title":{"rendered":"Construcci\u00f3n"},"content":{"rendered":"[et_pb_section fb_built=\u00bb1&#8243; _builder_version=\u00bb4.27.4&#8243; _module_preset=\u00bbdefault\u00bb background_color=\u00bbgcid-primary-color\u00bb global_colors_info=\u00bb{%22gcid-primary-color%22:%91%22background_color%22%93}\u00bb][et_pb_row _builder_version=\u00bb4.27.4&#8243; _module_preset=\u00bbdefault\u00bb global_colors_info=\u00bb{}\u00bb][et_pb_column type=\u00bb4_4&#8243; _builder_version=\u00bb4.27.4&#8243; _module_preset=\u00bbdefault\u00bb global_colors_info=\u00bb{}\u00bb][et_pb_text _builder_version=\u00bb4.27.4&#8243; _module_preset=\u00bbdefault\u00bb text_font=\u00bbPlayfair Display||||||||\u00bb text_text_color=\u00bb#FFFFFF\u00bb text_font_size=\u00bb300%\u00bb text_orientation=\u00bbcenter\u00bb hover_enabled=\u00bb0&#8243; global_colors_info=\u00bb{}\u00bb sticky_enabled=\u00bb0&#8243;]<p>En construcci\u00f3n<\/p>[\/et_pb_text][et_pb_image src=\u00bbhttps:\/\/plbeautyacademy.com\/wp-content\/uploads\/2025\/08\/Logo-blanco.png\u00bb title_text=\u00bbLogo blanco\u00bb _builder_version=\u00bb4.27.4&#8243; _module_preset=\u00bbdefault\u00bb global_colors_info=\u00bb{}\u00bb][\/et_pb_image][\/et_pb_column][\/et_pb_row][\/et_pb_section]","protected":false},"excerpt":{"rendered":"<p>En construcci\u00f3n<\/p>","protected":false},"author":3,"featured_media":0,"parent":0,"menu_order":0,"comment_status":"closed","ping_status":"closed","template":"page-template-blank.php","meta":{"_et_pb_use_builder":"on","_et_pb_old_content":"","_et_gb_content_width":"","footnotes":""},"class_list":["post-2090","page","type-page","status-publish","hentry"],"yoast_head":"<!-- This site is optimized with the Yoast SEO plugin v27.4 - https:\/\/yoast.com\/product\/yoast-seo-wordpress\/ -->\n<title>Construcci\u00f3n - PL Beauty Academy Construcci\u00f3n | PL Beauty Academy<\/title>\n<meta name=\"description\" content=\"| Academia de belleza en Utah. Cursos en espa\u00f1ol: cosmetolog\u00eda, u\u00f1as, cejas y m\u00e1s.\" \/>\n<meta name=\"robots\" content=\"index, follow, max-snippet:-1, max-image-preview:large, max-video-preview:-1\" \/>\n<link rel=\"canonical\" href=\"https:\/\/plbeautyacademy.com\/en\/\" \/>\n<meta property=\"og:locale\" content=\"en_US\" \/>\n<meta property=\"og:type\" content=\"article\" \/>\n<meta property=\"og:title\" content=\"Construcci\u00f3n - PL Beauty Academy Construcci\u00f3n | PL Beauty Academy\" \/>\n<meta property=\"og:description\" content=\"| Academia de belleza en Utah. Cursos en espa\u00f1ol: cosmetolog\u00eda, u\u00f1as, cejas y m\u00e1s.\" \/>\n<meta property=\"og:url\" content=\"https:\/\/plbeautyacademy.com\/en\/\" \/>\n<meta property=\"og:site_name\" content=\"PL Beauty Academy\" \/>\n<meta property=\"article:publisher\" content=\"https:\/\/www.facebook.com\/plbeautyacademy\" \/>\n<meta property=\"article:modified_time\" content=\"2026-01-30T19:19:20+00:00\" \/>\n<meta name=\"twitter:card\" content=\"summary_large_image\" \/>\n<meta name=\"twitter:label1\" content=\"Est. reading time\" \/>\n\t<meta name=\"twitter:data1\" content=\"1 minute\" \/>\n<script type=\"application\/ld+json\" class=\"yoast-schema-graph\">{\"@context\":\"https:\\\/\\\/schema.org\",\"@graph\":[{\"@type\":\"WebPage\",\"@id\":\"https:\\\/\\\/plbeautyacademy.com\\\/\",\"url\":\"https:\\\/\\\/plbeautyacademy.com\\\/\",\"name\":\"Construcci\u00f3n - PL Beauty Academy Construcci\u00f3n | PL Beauty Academy\",\"isPartOf\":{\"@id\":\"https:\\\/\\\/plbeautyacademy.com\\\/#website\"},\"datePublished\":\"2025-09-03T16:17:12+00:00\",\"dateModified\":\"2026-01-30T19:19:20+00:00\",\"description\":\"| Academia de belleza en Utah. Cursos en espa\u00f1ol: cosmetolog\u00eda, u\u00f1as, cejas y m\u00e1s.\",\"breadcrumb\":{\"@id\":\"https:\\\/\\\/plbeautyacademy.com\\\/#breadcrumb\"},\"inLanguage\":\"en-US\",\"potentialAction\":[{\"@type\":\"ReadAction\",\"target\":[\"https:\\\/\\\/plbeautyacademy.com\\\/\"]}]},{\"@type\":\"BreadcrumbList\",\"@id\":\"https:\\\/\\\/plbeautyacademy.com\\\/#breadcrumb\",\"itemListElement\":[{\"@type\":\"ListItem\",\"position\":1,\"name\":\"Home\",\"item\":\"https:\\\/\\\/plbeautyacademy.com\\\/\"},{\"@type\":\"ListItem\",\"position\":2,\"name\":\"Construcci\u00f3n\"}]},{\"@type\":\"WebSite\",\"@id\":\"https:\\\/\\\/plbeautyacademy.com\\\/#website\",\"url\":\"https:\\\/\\\/plbeautyacademy.com\\\/\",\"name\":\"PL Beauty Academy\",\"description\":\"Academia de belleza en Utah, cursos 100% en espa\u00f1ol.\",\"publisher\":{\"@id\":\"https:\\\/\\\/plbeautyacademy.com\\\/#organization\"},\"alternateName\":\"PLBA\",\"potentialAction\":[{\"@type\":\"SearchAction\",\"target\":{\"@type\":\"EntryPoint\",\"urlTemplate\":\"https:\\\/\\\/plbeautyacademy.com\\\/?s={search_term_string}\"},\"query-input\":{\"@type\":\"PropertyValueSpecification\",\"valueRequired\":true,\"valueName\":\"search_term_string\"}}],\"inLanguage\":\"en-US\"},{\"@type\":\"Organization\",\"@id\":\"https:\\\/\\\/plbeautyacademy.com\\\/#organization\",\"name\":\"PL Beauty Academy\",\"url\":\"https:\\\/\\\/plbeautyacademy.com\\\/\",\"logo\":{\"@type\":\"ImageObject\",\"inLanguage\":\"en-US\",\"@id\":\"https:\\\/\\\/plbeautyacademy.com\\\/#\\\/schema\\\/logo\\\/image\\\/\",\"url\":\"https:\\\/\\\/plbeautyacademy.com\\\/wp-content\\\/uploads\\\/2025\\\/10\\\/cropped-pl-round-logo-1.webp\",\"contentUrl\":\"https:\\\/\\\/plbeautyacademy.com\\\/wp-content\\\/uploads\\\/2025\\\/10\\\/cropped-pl-round-logo-1.webp\",\"width\":512,\"height\":512,\"caption\":\"PL Beauty Academy\"},\"image\":{\"@id\":\"https:\\\/\\\/plbeautyacademy.com\\\/#\\\/schema\\\/logo\\\/image\\\/\"},\"sameAs\":[\"https:\\\/\\\/www.facebook.com\\\/plbeautyacademy\",\"https:\\\/\\\/www.instagram.com\\\/plbeauty_academy\\\/\"]}]}<\/script>\n<!-- \/ Yoast SEO plugin. -->","yoast_head_json":{"title":"Construcci\u00f3n - PL Beauty Academy Construcci\u00f3n | PL Beauty Academy","description":"| Academia de belleza en Utah. Cursos en espa\u00f1ol: cosmetolog\u00eda, u\u00f1as, cejas y m\u00e1s.","robots":{"index":"index","follow":"follow","max-snippet":"max-snippet:-1","max-image-preview":"max-image-preview:large","max-video-preview":"max-video-preview:-1"},"canonical":"https:\/\/plbeautyacademy.com\/en\/","og_locale":"en_US","og_type":"article","og_title":"Construcci\u00f3n - PL Beauty Academy Construcci\u00f3n | PL Beauty Academy","og_description":"| Academia de belleza en Utah. Cursos en espa\u00f1ol: cosmetolog\u00eda, u\u00f1as, cejas y m\u00e1s.","og_url":"https:\/\/plbeautyacademy.com\/en\/","og_site_name":"PL Beauty Academy","article_publisher":"https:\/\/www.facebook.com\/plbeautyacademy","article_modified_time":"2026-01-30T19:19:20+00:00","twitter_card":"summary_large_image","twitter_misc":{"Est. reading time":"1 minute"},"schema":{"@context":"https:\/\/schema.org","@graph":[{"@type":"WebPage","@id":"https:\/\/plbeautyacademy.com\/","url":"https:\/\/plbeautyacademy.com\/","name":"Construcci\u00f3n - PL Beauty Academy Construcci\u00f3n | PL Beauty Academy","isPartOf":{"@id":"https:\/\/plbeautyacademy.com\/#website"},"datePublished":"2025-09-03T16:17:12+00:00","dateModified":"2026-01-30T19:19:20+00:00","description":"| Academia de belleza en Utah. Cursos en espa\u00f1ol: cosmetolog\u00eda, u\u00f1as, cejas y m\u00e1s.","breadcrumb":{"@id":"https:\/\/plbeautyacademy.com\/#breadcrumb"},"inLanguage":"en-US","potentialAction":[{"@type":"ReadAction","target":["https:\/\/plbeautyacademy.com\/"]}]},{"@type":"BreadcrumbList","@id":"https:\/\/plbeautyacademy.com\/#breadcrumb","itemListElement":[{"@type":"ListItem","position":1,"name":"Home","item":"https:\/\/plbeautyacademy.com\/"},{"@type":"ListItem","position":2,"name":"Construcci\u00f3n"}]},{"@type":"WebSite","@id":"https:\/\/plbeautyacademy.com\/#website","url":"https:\/\/plbeautyacademy.com\/","name":"PL Beauty Academy","description":"Academia de belleza en Utah, cursos 100% en espa\u00f1ol.","publisher":{"@id":"https:\/\/plbeautyacademy.com\/#organization"},"alternateName":"PLBA","potentialAction":[{"@type":"SearchAction","target":{"@type":"EntryPoint","urlTemplate":"https:\/\/plbeautyacademy.com\/?s={search_term_string}"},"query-input":{"@type":"PropertyValueSpecification","valueRequired":true,"valueName":"search_term_string"}}],"inLanguage":"en-US"},{"@type":"Organization","@id":"https:\/\/plbeautyacademy.com\/#organization","name":"PL Beauty Academy","url":"https:\/\/plbeautyacademy.com\/","logo":{"@type":"ImageObject","inLanguage":"en-US","@id":"https:\/\/plbeautyacademy.com\/#\/schema\/logo\/image\/","url":"https:\/\/plbeautyacademy.com\/wp-content\/uploads\/2025\/10\/cropped-pl-round-logo-1.webp","contentUrl":"https:\/\/plbeautyacademy.com\/wp-content\/uploads\/2025\/10\/cropped-pl-round-logo-1.webp","width":512,"height":512,"caption":"PL Beauty Academy"},"image":{"@id":"https:\/\/plbeautyacademy.com\/#\/schema\/logo\/image\/"},"sameAs":["https:\/\/www.facebook.com\/plbeautyacademy","https:\/\/www.instagram.com\/plbeauty_academy\/"]}]}},"_links":{"self":[{"href":"https:\/\/plbeautyacademy.com\/en\/wp-json\/wp\/v2\/pages\/2090","targetHints":{"allow":["GET"]}}],"collection":[{"href":"https:\/\/plbeautyacademy.com\/en\/wp-json\/wp\/v2\/pages"}],"about":[{"href":"https:\/\/plbeautyacademy.com\/en\/wp-json\/wp\/v2\/types\/page"}],"author":[{"embeddable":true,"href":"https:\/\/plbeautyacademy.com\/en\/wp-json\/wp\/v2\/users\/3"}],"replies":[{"embeddable":true,"href":"https:\/\/plbeautyacademy.com\/en\/wp-json\/wp\/v2\/comments?post=2090"}],"version-history":[{"count":2,"href":"https:\/\/plbeautyacademy.com\/en\/wp-json\/wp\/v2\/pages\/2090\/revisions"}],"predecessor-version":[{"id":2593,"href":"https:\/\/plbeautyacademy.com\/en\/wp-json\/wp\/v2\/pages\/2090\/revisions\/2593"}],"wp:attachment":[{"href":"https:\/\/plbeautyacademy.com\/en\/wp-json\/wp\/v2\/media?parent=2090"}],"curies":[{"name":"wp","href":"https:\/\/api.w.org\/{rel}","templated":true}]}}